{"id":284,"date":"2017-10-30T15:38:06","date_gmt":"2017-10-30T15:38:06","guid":{"rendered":"http:\/\/stana-certification.eu\/?page_id=284"},"modified":"2025-01-16T16:05:33","modified_gmt":"2025-01-16T14:05:33","slug":"%d0%b8%d0%bc%d0%bf%d1%80%d0%b8%d0%bd%d1%82","status":"publish","type":"page","link":"https:\/\/stana-certification.eu\/ru\/%d0%b8%d0%bc%d0%bf%d1%80%d0%b8%d0%bd%d1%82\/","title":{"rendered":"\u0418\u043c\u043f\u0440\u0438\u043d\u0442"},"content":{"rendered":"<p><strong>Stana CE-Certification O\u00dc<\/strong><br \/>\nRegistration number: 16605455<br \/>\nEstonia, Tallinn, Vesiv\u00e4rava str. 50-201, 10152 (Harju maakond, Tallinn, Kesklinna linnaosa, Vesiv\u00e4rava tn 50-201, 10152)<br \/>\nstanacert@gmail.com, tel. +3726028421<br \/>\ndirector Oleksandr Sirinok<\/p>\n","protected":false},"excerpt":{"rendered":"<p>Stana CE-Certification O\u00dc Registration number: 16605455 Estonia, Tallinn, Vesiv\u00e4rava str. 50-201, 10152 (Harju maakond, Tallinn, Kesklinna linnaosa, Vesiv\u00e4rava tn 50-201, 10152) stanacert@gmail.com, tel. +3726028421 director Oleksandr Sirinok<\/p>\n","protected":false},"author":1,"featured_media":0,"parent":0,"menu_order":0,"comment_status":"open","ping_status":"open","template":"","meta":{"editor_plus_copied_stylings":"{}","footnotes":""},"class_list":["post-284","page","type-page","status-publish","hentry"],"yoast_head":"<!-- This site is optimized with the Yoast SEO plugin v26.9 - https:\/\/yoast.com\/product\/yoast-seo-wordpress\/ -->\n<title>\u0418\u043c\u043f\u0440\u0438\u043d\u0442 - International Certification Organization<\/title>\n<meta name=\"robots\" content=\"index, follow, max-snippet:-1, max-image-preview:large, max-video-preview:-1\" \/>\n<link rel=\"canonical\" href=\"https:\/\/stana-certification.eu\/ru\/%d0%b8%d0%bc%d0%bf%d1%80%d0%b8%d0%bd%d1%82\/\" \/>\n<meta property=\"og:locale\" content=\"ru_RU\" \/>\n<meta property=\"og:type\" content=\"article\" \/>\n<meta property=\"og:title\" content=\"\u0418\u043c\u043f\u0440\u0438\u043d\u0442 - International Certification Organization\" \/>\n<meta property=\"og:description\" content=\"Stana CE-Certification O\u00dc Registration number: 16605455 Estonia, Tallinn, Vesiv\u00e4rava str. 50-201, 10152 (Harju maakond, Tallinn, Kesklinna linnaosa, Vesiv\u00e4rava tn 50-201, 10152) stanacert@gmail.com, tel. +3726028421 director Oleksandr Sirinok\" \/>\n<meta property=\"og:url\" content=\"https:\/\/stana-certification.eu\/ru\/%d0%b8%d0%bc%d0%bf%d1%80%d0%b8%d0%bd%d1%82\/\" \/>\n<meta property=\"og:site_name\" content=\"International Certification Organization\" \/>\n<meta property=\"article:modified_time\" content=\"2025-01-16T14:05:33+00:00\" \/>\n<meta name=\"twitter:card\" content=\"summary_large_image\" \/>\n<meta name=\"twitter:label1\" content=\"\u041f\u0440\u0438\u043c\u0435\u0440\u043d\u043e\u0435 \u0432\u0440\u0435\u043c\u044f \u0434\u043b\u044f \u0447\u0442\u0435\u043d\u0438\u044f\" \/>\n\t<meta name=\"twitter:data1\" content=\"1 \u043c\u0438\u043d\u0443\u0442\u0430\" \/>\n<script type=\"application\/ld+json\" class=\"yoast-schema-graph\">{\"@context\":\"https:\/\/schema.org\",\"@graph\":[{\"@type\":\"WebPage\",\"@id\":\"https:\/\/stana-certification.eu\/ru\/%d0%b8%d0%bc%d0%bf%d1%80%d0%b8%d0%bd%d1%82\/\",\"url\":\"https:\/\/stana-certification.eu\/ru\/%d0%b8%d0%bc%d0%bf%d1%80%d0%b8%d0%bd%d1%82\/\",\"name\":\"\u0418\u043c\u043f\u0440\u0438\u043d\u0442 - International Certification Organization\",\"isPartOf\":{\"@id\":\"https:\/\/stana-certification.eu\/ru\/#website\"},\"datePublished\":\"2017-10-30T15:38:06+00:00\",\"dateModified\":\"2025-01-16T14:05:33+00:00\",\"breadcrumb\":{\"@id\":\"https:\/\/stana-certification.eu\/ru\/%d0%b8%d0%bc%d0%bf%d1%80%d0%b8%d0%bd%d1%82\/#breadcrumb\"},\"inLanguage\":\"ru-RU\",\"potentialAction\":[{\"@type\":\"ReadAction\",\"target\":[\"https:\/\/stana-certification.eu\/ru\/%d0%b8%d0%bc%d0%bf%d1%80%d0%b8%d0%bd%d1%82\/\"]}]},{\"@type\":\"BreadcrumbList\",\"@id\":\"https:\/\/stana-certification.eu\/ru\/%d0%b8%d0%bc%d0%bf%d1%80%d0%b8%d0%bd%d1%82\/#breadcrumb\",\"itemListElement\":[{\"@type\":\"ListItem\",\"position\":1,\"name\":\"Home\",\"item\":\"https:\/\/stana-certification.eu\/ru\/\"},{\"@type\":\"ListItem\",\"position\":2,\"name\":\"\u0418\u043c\u043f\u0440\u0438\u043d\u0442\"}]},{\"@type\":\"WebSite\",\"@id\":\"https:\/\/stana-certification.eu\/ru\/#website\",\"url\":\"https:\/\/stana-certification.eu\/ru\/\",\"name\":\"International Certification Organization\",\"description\":\"Certification ISO, Products &amp; Production Certification\",\"publisher\":{\"@id\":\"https:\/\/stana-certification.eu\/ru\/#organization\"},\"potentialAction\":[{\"@type\":\"SearchAction\",\"target\":{\"@type\":\"EntryPoint\",\"urlTemplate\":\"https:\/\/stana-certification.eu\/ru\/?s={search_term_string}\"},\"query-input\":{\"@type\":\"PropertyValueSpecification\",\"valueRequired\":true,\"valueName\":\"search_term_string\"}}],\"inLanguage\":\"ru-RU\"},{\"@type\":\"Organization\",\"@id\":\"https:\/\/stana-certification.eu\/ru\/#organization\",\"name\":\"International Certification Organization\",\"url\":\"https:\/\/stana-certification.eu\/ru\/\",\"logo\":{\"@type\":\"ImageObject\",\"inLanguage\":\"ru-RU\",\"@id\":\"https:\/\/stana-certification.eu\/ru\/#\/schema\/logo\/image\/\",\"url\":\"https:\/\/stana-certification.eu\/wp-content\/uploads\/2015\/07\/stana-c-.png\",\"contentUrl\":\"https:\/\/stana-certification.eu\/wp-content\/uploads\/2015\/07\/stana-c-.png\",\"width\":800,\"height\":362,\"caption\":\"International Certification Organization\"},\"image\":{\"@id\":\"https:\/\/stana-certification.eu\/ru\/#\/schema\/logo\/image\/\"}}]}<\/script>\n<!-- \/ Yoast SEO plugin. -->","yoast_head_json":{"title":"\u0418\u043c\u043f\u0440\u0438\u043d\u0442 - International Certification Organization","robots":{"index":"index","follow":"follow","max-snippet":"max-snippet:-1","max-image-preview":"max-image-preview:large","max-video-preview":"max-video-preview:-1"},"canonical":"https:\/\/stana-certification.eu\/ru\/%d0%b8%d0%bc%d0%bf%d1%80%d0%b8%d0%bd%d1%82\/","og_locale":"ru_RU","og_type":"article","og_title":"\u0418\u043c\u043f\u0440\u0438\u043d\u0442 - International Certification Organization","og_description":"Stana CE-Certification O\u00dc Registration number: 16605455 Estonia, Tallinn, Vesiv\u00e4rava str. 50-201, 10152 (Harju maakond, Tallinn, Kesklinna linnaosa, Vesiv\u00e4rava tn 50-201, 10152) stanacert@gmail.com, tel. +3726028421 director Oleksandr Sirinok","og_url":"https:\/\/stana-certification.eu\/ru\/%d0%b8%d0%bc%d0%bf%d1%80%d0%b8%d0%bd%d1%82\/","og_site_name":"International Certification Organization","article_modified_time":"2025-01-16T14:05:33+00:00","twitter_card":"summary_large_image","twitter_misc":{"\u041f\u0440\u0438\u043c\u0435\u0440\u043d\u043e\u0435 \u0432\u0440\u0435\u043c\u044f \u0434\u043b\u044f \u0447\u0442\u0435\u043d\u0438\u044f":"1 \u043c\u0438\u043d\u0443\u0442\u0430"},"schema":{"@context":"https:\/\/schema.org","@graph":[{"@type":"WebPage","@id":"https:\/\/stana-certification.eu\/ru\/%d0%b8%d0%bc%d0%bf%d1%80%d0%b8%d0%bd%d1%82\/","url":"https:\/\/stana-certification.eu\/ru\/%d0%b8%d0%bc%d0%bf%d1%80%d0%b8%d0%bd%d1%82\/","name":"\u0418\u043c\u043f\u0440\u0438\u043d\u0442 - International Certification Organization","isPartOf":{"@id":"https:\/\/stana-certification.eu\/ru\/#website"},"datePublished":"2017-10-30T15:38:06+00:00","dateModified":"2025-01-16T14:05:33+00:00","breadcrumb":{"@id":"https:\/\/stana-certification.eu\/ru\/%d0%b8%d0%bc%d0%bf%d1%80%d0%b8%d0%bd%d1%82\/#breadcrumb"},"inLanguage":"ru-RU","potentialAction":[{"@type":"ReadAction","target":["https:\/\/stana-certification.eu\/ru\/%d0%b8%d0%bc%d0%bf%d1%80%d0%b8%d0%bd%d1%82\/"]}]},{"@type":"BreadcrumbList","@id":"https:\/\/stana-certification.eu\/ru\/%d0%b8%d0%bc%d0%bf%d1%80%d0%b8%d0%bd%d1%82\/#breadcrumb","itemListElement":[{"@type":"ListItem","position":1,"name":"Home","item":"https:\/\/stana-certification.eu\/ru\/"},{"@type":"ListItem","position":2,"name":"\u0418\u043c\u043f\u0440\u0438\u043d\u0442"}]},{"@type":"WebSite","@id":"https:\/\/stana-certification.eu\/ru\/#website","url":"https:\/\/stana-certification.eu\/ru\/","name":"International Certification Organization","description":"Certification ISO, Products &amp; Production Certification","publisher":{"@id":"https:\/\/stana-certification.eu\/ru\/#organization"},"potentialAction":[{"@type":"SearchAction","target":{"@type":"EntryPoint","urlTemplate":"https:\/\/stana-certification.eu\/ru\/?s={search_term_string}"},"query-input":{"@type":"PropertyValueSpecification","valueRequired":true,"valueName":"search_term_string"}}],"inLanguage":"ru-RU"},{"@type":"Organization","@id":"https:\/\/stana-certification.eu\/ru\/#organization","name":"International Certification Organization","url":"https:\/\/stana-certification.eu\/ru\/","logo":{"@type":"ImageObject","inLanguage":"ru-RU","@id":"https:\/\/stana-certification.eu\/ru\/#\/schema\/logo\/image\/","url":"https:\/\/stana-certification.eu\/wp-content\/uploads\/2015\/07\/stana-c-.png","contentUrl":"https:\/\/stana-certification.eu\/wp-content\/uploads\/2015\/07\/stana-c-.png","width":800,"height":362,"caption":"International Certification Organization"},"image":{"@id":"https:\/\/stana-certification.eu\/ru\/#\/schema\/logo\/image\/"}}]}},"_links":{"self":[{"href":"https:\/\/stana-certification.eu\/ru\/wp-json\/wp\/v2\/pages\/284","targetHints":{"allow":["GET"]}}],"collection":[{"href":"https:\/\/stana-certification.eu\/ru\/wp-json\/wp\/v2\/pages"}],"about":[{"href":"https:\/\/stana-certification.eu\/ru\/wp-json\/wp\/v2\/types\/page"}],"author":[{"embeddable":true,"href":"https:\/\/stana-certification.eu\/ru\/wp-json\/wp\/v2\/users\/1"}],"replies":[{"embeddable":true,"href":"https:\/\/stana-certification.eu\/ru\/wp-json\/wp\/v2\/comments?post=284"}],"version-history":[{"count":10,"href":"https:\/\/stana-certification.eu\/ru\/wp-json\/wp\/v2\/pages\/284\/revisions"}],"predecessor-version":[{"id":2938,"href":"https:\/\/stana-certification.eu\/ru\/wp-json\/wp\/v2\/pages\/284\/revisions\/2938"}],"wp:attachment":[{"href":"https:\/\/stana-certification.eu\/ru\/wp-json\/wp\/v2\/media?parent=284"}],"curies":[{"name":"wp","href":"https:\/\/api.w.org\/{rel}","templated":true}]}}